{"id":264,"date":"2023-06-22T09:43:46","date_gmt":"2023-06-22T09:43:46","guid":{"rendered":"https:\/\/martacarnero.es\/?page_id=264"},"modified":"2023-07-31T12:16:18","modified_gmt":"2023-07-31T12:16:18","slug":"contacto","status":"publish","type":"page","link":"https:\/\/martacarnero.es\/en\/contacto\/","title":{"rendered":"Contact"},"content":{"rendered":"\t\t<div data-elementor-type=\"wp-page\" data-elementor-id=\"264\" class=\"elementor elementor-264\">\n\t\t\t\t\t\t<section class=\"elementor-section elementor-top-section elementor-element elementor-element-08d757c elementor-section-boxed elementor-section-height-default elementor-section-height-default wpr-particle-no wpr-jarallax-no wpr-parallax-no wpr-sticky-section-no wpr-equal-height-no\" data-id=\"08d757c\" data-element_type=\"section\" data-e-type=\"section\">\n\t\t\t\t\t\t<div class=\"elementor-container elementor-column-gap-default\">\n\t\t\t\t\t<div class=\"elementor-column elementor-col-100 elementor-top-column elementor-element elementor-element-a8550d9\" data-id=\"a8550d9\" data-element_type=\"column\" data-e-type=\"column\" data-settings=\"{&quot;background_background&quot;:&quot;classic&quot;}\">\n\t\t\t<div class=\"elementor-widget-wrap elementor-element-populated\">\n\t\t\t\t\t\t<div class=\"elementor-element elementor-element-e0648a8 elementor-widget elementor-widget-image\" data-id=\"e0648a8\" data-element_type=\"widget\" data-e-type=\"widget\" data-widget_type=\"image.default\">\n\t\t\t\t<div class=\"elementor-widget-container\">\n\t\t\t\t\t\t\t\t\t\t\t\t\t\t\t\t<a href=\"https:\/\/martacarnero.es\/\">\n\t\t\t\t\t\t\t<img decoding=\"async\" width=\"150\" height=\"150\" src=\"https:\/\/martacarnero.es\/wp-content\/uploads\/2023\/07\/Logo_MC-150x150.png\" class=\"attachment-thumbnail size-thumbnail wp-image-502\" alt=\"\" srcset=\"https:\/\/martacarnero.es\/wp-content\/uploads\/2023\/07\/Logo_MC-150x150.png 150w, https:\/\/martacarnero.es\/wp-content\/uploads\/2023\/07\/Logo_MC-300x300.png 300w, https:\/\/martacarnero.es\/wp-content\/uploads\/2023\/07\/Logo_MC-12x12.png 12w, https:\/\/martacarnero.es\/wp-content\/uploads\/2023\/07\/Logo_MC.png 500w\" sizes=\"(max-width: 150px) 100vw, 150px\" \/>\t\t\t\t\t\t\t\t<\/a>\n\t\t\t\t\t\t\t\t\t\t\t\t\t\t\t<\/div>\n\t\t\t\t<\/div>\n\t\t\t\t<div class=\"elementor-element elementor-element-30abb8f elementor-widget__width-auto elementor-widget elementor-widget-text-editor\" data-id=\"30abb8f\" data-element_type=\"widget\" data-e-type=\"widget\" data-widget_type=\"text-editor.default\">\n\t\t\t\t<div class=\"elementor-widget-container\">\n\t\t\t\t\t\t\t\t\t<p><a style=\"text-decoration: none; color: #16496a;\" href=\"https:\/\/martacarnero.es\/\">Intro<\/a><\/p>\t\t\t\t\t\t\t\t<\/div>\n\t\t\t\t<\/div>\n\t\t\t\t<div class=\"elementor-element elementor-element-8673b0a elementor-widget__width-auto elementor-widget elementor-widget-text-editor\" data-id=\"8673b0a\" data-element_type=\"widget\" data-e-type=\"widget\" data-widget_type=\"text-editor.default\">\n\t\t\t\t<div class=\"elementor-widget-container\">\n\t\t\t\t\t\t\t\t\t<a style=\"text-decoration: none; color: #16496A;\" href=\"https:\/\/martacarnero.es\/bio\">Bio<\/a>\t\t\t\t\t\t\t\t<\/div>\n\t\t\t\t<\/div>\n\t\t\t\t<div class=\"elementor-element elementor-element-b4eed00 elementor-widget__width-auto elementor-widget elementor-widget-text-editor\" data-id=\"b4eed00\" data-element_type=\"widget\" data-e-type=\"widget\" data-widget_type=\"text-editor.default\">\n\t\t\t\t<div class=\"elementor-widget-container\">\n\t\t\t\t\t\t\t\t\t<a style=\"text-decoration: none; color: #16496A;\" href=\"https:\/\/martacarnero.es\/blog\">Blog<\/a>\t\t\t\t\t\t\t\t<\/div>\n\t\t\t\t<\/div>\n\t\t\t\t<div class=\"elementor-element elementor-element-a0fe9c4 elementor-widget__width-auto elementor-widget elementor-widget-text-editor\" data-id=\"a0fe9c4\" data-element_type=\"widget\" data-e-type=\"widget\" data-widget_type=\"text-editor.default\">\n\t\t\t\t<div class=\"elementor-widget-container\">\n\t\t\t\t\t\t\t\t\t<p><a style=\"text-decoration: none; color: #16496a;\" href=\"https:\/\/martacarnero.es\/info\">Info<\/a><\/p>\t\t\t\t\t\t\t\t<\/div>\n\t\t\t\t<\/div>\n\t\t\t\t<div class=\"elementor-element elementor-element-30077e5 elementor-widget__width-auto elementor-widget elementor-widget-text-editor\" data-id=\"30077e5\" data-element_type=\"widget\" data-e-type=\"widget\" data-widget_type=\"text-editor.default\">\n\t\t\t\t<div class=\"elementor-widget-container\">\n\t\t\t\t\t\t\t\t\t<p><a style=\"text-decoration: none; color: #16496a;\" href=\"https:\/\/martacarnero.es\/in-english\/\">In English<\/a><\/p>\t\t\t\t\t\t\t\t<\/div>\n\t\t\t\t<\/div>\n\t\t\t\t\t<\/div>\n\t\t<\/div>\n\t\t\t\t\t<\/div>\n\t\t<\/section>\n\t\t\t\t<section class=\"elementor-section elementor-top-section elementor-element elementor-element-17865be elementor-section-full_width elementor-section-height-default elementor-section-height-default wpr-particle-no wpr-jarallax-no wpr-parallax-no wpr-sticky-section-no wpr-equal-height-no\" data-id=\"17865be\" data-element_type=\"section\" data-e-type=\"section\">\n\t\t\t\t\t\t<div class=\"elementor-container elementor-column-gap-default\">\n\t\t\t\t\t<div class=\"elementor-column elementor-col-50 elementor-top-column elementor-element elementor-element-2e107f4\" data-id=\"2e107f4\" data-element_type=\"column\" data-e-type=\"column\" data-settings=\"{&quot;background_background&quot;:&quot;classic&quot;}\">\n\t\t\t<div class=\"elementor-widget-wrap elementor-element-populated\">\n\t\t\t\t\t\t<div class=\"elementor-element elementor-element-85c8a3a eael-wpforms-labels-yes eael-wpforms-form-button-custom elementor-widget elementor-widget-eael-wpforms\" data-id=\"85c8a3a\" data-element_type=\"widget\" data-e-type=\"widget\" data-widget_type=\"eael-wpforms.default\">\n\t\t\t\t<div class=\"elementor-widget-container\">\n\t\t\t\t\t            <div class=\"eael-contact-form eael-wpforms eael-wpforms-align-default\">\n                                <div class=\"wpforms-container wpforms-container-full wpforms-render-modern\" id=\"wpforms-271\"><form id=\"wpforms-form-271\" class=\"wpforms-validate wpforms-form wpforms-ajax-form\" data-formid=\"271\" method=\"post\" enctype=\"multipart\/form-data\" action=\"\/en\/wp-json\/wp\/v2\/pages\/264\" data-token=\"75630e601d7e27874dc6ae4ab3abe2e9\" data-token-time=\"1776297197\"><div class=\"wpforms-head-container\"><div class=\"wpforms-title\">Formulario de contacto<\/div><\/div><noscript class=\"wpforms-error-noscript\">Please enable JavaScript in your browser to complete this form.<\/noscript><div id=\"wpforms-error-noscript\" style=\"display: none;\">Please enable JavaScript in your browser to complete this form.<\/div><div class=\"wpforms-field-container\"><div id=\"wpforms-271-field_0-container\" class=\"wpforms-field wpforms-field-name\" data-field-id=\"0\"><label class=\"wpforms-field-label\" for=\"wpforms-271-field_0\">Nombre <span class=\"wpforms-required-label\" aria-hidden=\"true\">*<\/span><\/label><input type=\"text\" id=\"wpforms-271-field_0\" class=\"wpforms-field-medium wpforms-field-required\" name=\"wpforms[fields][0]\" aria-errormessage=\"wpforms-271-field_0-error\" required><\/div><div id=\"wpforms-271-field_1-container\" class=\"wpforms-field wpforms-field-email\" data-field-id=\"1\"><label class=\"wpforms-field-label\" for=\"wpforms-271-field_1\">Correo electr\u00f3nico <span class=\"wpforms-required-label\" aria-hidden=\"true\">*<\/span><\/label><input type=\"email\" id=\"wpforms-271-field_1\" class=\"wpforms-field-medium wpforms-field-required\" name=\"wpforms[fields][1]\" spellcheck=\"false\" aria-errormessage=\"wpforms-271-field_1-error\" required><\/div><div id=\"wpforms-271-field_2-container\" class=\"wpforms-field wpforms-field-textarea\" data-field-id=\"2\"><label class=\"wpforms-field-label\" for=\"wpforms-271-field_2\">Comentario o mensaje<\/label><textarea id=\"wpforms-271-field_2\" class=\"wpforms-field-medium\" name=\"wpforms[fields][2]\" aria-errormessage=\"wpforms-271-field_2-error\" ><\/textarea><\/div><div id=\"wpforms-271-field_4-container\" class=\"wpforms-field wpforms-field-payment-checkbox\" data-field-id=\"4\"><fieldset><legend class=\"wpforms-field-label\">Consentimiento <span class=\"wpforms-required-label\" aria-hidden=\"true\">*<\/span><\/legend><ul id=\"wpforms-271-field_4\" class=\"wpforms-field-required\"><li class=\"choice-1\"><input type=\"checkbox\" id=\"wpforms-271-field_4_1\" class=\"wpforms-payment-price\" data-amount=\"10.00\" name=\"wpforms[fields][4][]\" value=\"1\" aria-errormessage=\"wpforms-271-field_4_1-error\" required ><label class=\"wpforms-field-label-inline\" for=\"wpforms-271-field_4_1\">Acepto las pol\u00edticas de privacidad del sitio web y a que nos pongamos en contacto contigo a trav\u00e9s de alguna de las v\u00edas de contacto indicadas en el formulario, alegando ser el\/la propietaria\/o de estas.<\/label><\/li><\/ul><\/fieldset><\/div><\/div><!-- .wpforms-field-container --><div class=\"wpforms-submit-container\" ><input type=\"hidden\" name=\"wpforms[id]\" value=\"271\"><input type=\"hidden\" name=\"page_title\" value=\"\"><input type=\"hidden\" name=\"page_url\" value=\"https:\/\/martacarnero.es\/en\/wp-json\/wp\/v2\/pages\/264\"><input type=\"hidden\" name=\"url_referer\" value=\"\"><button type=\"submit\" name=\"wpforms[submit]\" id=\"wpforms-submit-271\" class=\"wpforms-submit\" data-alt-text=\"Enviando...\" data-submit-text=\"Enviar\" aria-live=\"assertive\" value=\"wpforms-submit\">Enviar<\/button><img decoding=\"async\" src=\"https:\/\/martacarnero.es\/wp-content\/plugins\/wpforms-lite\/assets\/images\/submit-spin.svg\" class=\"wpforms-submit-spinner\" style=\"display: none;\" width=\"26\" height=\"26\" alt=\"Loading\"><\/div><\/form><\/div>  <!-- .wpforms-container -->            <\/div>\n\t\t\t\t<\/div>\n\t\t\t\t<\/div>\n\t\t\t\t<div class=\"elementor-element elementor-element-c7336df elementor-widget elementor-widget-spacer\" data-id=\"c7336df\" data-element_type=\"widget\" data-e-type=\"widget\" data-widget_type=\"spacer.default\">\n\t\t\t\t<div class=\"elementor-widget-container\">\n\t\t\t\t\t\t\t<div class=\"elementor-spacer\">\n\t\t\t<div class=\"elementor-spacer-inner\"><\/div>\n\t\t<\/div>\n\t\t\t\t\t\t<\/div>\n\t\t\t\t<\/div>\n\t\t\t\t\t<\/div>\n\t\t<\/div>\n\t\t\t\t<div class=\"elementor-column elementor-col-50 elementor-top-column elementor-element elementor-element-23350cd elementor-hidden-mobile\" data-id=\"23350cd\" data-element_type=\"column\" data-e-type=\"column\" data-settings=\"{&quot;background_background&quot;:&quot;classic&quot;}\">\n\t\t\t<div class=\"elementor-widget-wrap elementor-element-populated\">\n\t\t\t\t\t<div class=\"elementor-background-overlay\"><\/div>\n\t\t\t\t\t\t\t<\/div>\n\t\t<\/div>\n\t\t\t\t\t<\/div>\n\t\t<\/section>\n\t\t\t\t<\/div>\n\t\t","protected":false},"excerpt":{"rendered":"<p>Intro BioBlog Info In English Formulario de contactoPor favor, activa JavaScript en tu navegador para completar este formulario.Por favor, activa JavaScript en tu navegador para completar este formulario.Nombre *Correo electr\u00f3nico *Comentario o mensaje Enviar<\/p>","protected":false},"author":2,"featured_media":0,"parent":0,"menu_order":0,"comment_status":"closed","ping_status":"closed","template":"","meta":{"_eb_attr":"","site-sidebar-layout":"no-sidebar","site-content-layout":"page-builder","ast-site-content-layout":"default","site-content-style":"default","site-sidebar-style":"default","ast-global-header-display":"disabled","ast-banner-title-visibility":"","ast-main-header-display":"","ast-hfb-above-header-display":"","ast-hfb-below-header-display":"","ast-hfb-mobile-header-display":"","site-post-title":"disabled","ast-breadcrumbs-content":"","ast-featured-img":"disabled","footer-sml-layout":"","ast-disable-related-posts":"","theme-transparent-header-meta":"","adv-header-id-meta":"","stick-header-meta":"","header-above-stick-meta":"","header-main-stick-meta":"","header-below-stick-meta":"","astra-migrate-meta-layouts":"default","ast-page-background-enabled":"default","ast-page-background-meta":{"desktop":{"background-color":"var(--ast-global-color-4)","background-image":"","background-repeat":"repeat","background-position":"center center","background-size":"auto","background-attachment":"scroll","background-type":"","background-media":"","overlay-type":"","overlay-color":"","overlay-opacity":"","overlay-gradient":""},"tablet":{"background-color":"","background-image":"","background-repeat":"repeat","background-position":"center center","background-size":"auto","background-attachment":"scroll","background-type":"","background-media":"","overlay-type":"","overlay-color":"","overlay-opacity":"","overlay-gradient":""},"mobile":{"background-color":"","background-image":"","background-repeat":"repeat","background-position":"center center","background-size":"auto","background-attachment":"scroll","background-type":"","background-media":"","overlay-type":"","overlay-color":"","overlay-opacity":"","overlay-gradient":""}},"ast-content-background-meta":{"desktop":{"background-color":"var(--ast-global-color-5)","background-image":"","background-repeat":"repeat","background-position":"center center","background-size":"auto","background-attachment":"scroll","background-type":"","background-media":"","overlay-type":"","overlay-color":"","overlay-opacity":"","overlay-gradient":""},"tablet":{"background-color":"var(--ast-global-color-5)","background-image":"","background-repeat":"repeat","background-position":"center center","background-size":"auto","background-attachment":"scroll","background-type":"","background-media":"","overlay-type":"","overlay-color":"","overlay-opacity":"","overlay-gradient":""},"mobile":{"background-color":"var(--ast-global-color-5)","background-image":"","background-repeat":"repeat","background-position":"center center","background-size":"auto","background-attachment":"scroll","background-type":"","background-media":"","overlay-type":"","overlay-color":"","overlay-opacity":"","overlay-gradient":""}},"footnotes":""},"class_list":["post-264","page","type-page","status-publish","hentry"],"yoast_head":"<!-- This site is optimized with the Yoast SEO plugin v27.4 - https:\/\/yoast.com\/product\/yoast-seo-wordpress\/ -->\n<title>Contacto - Marta Carnero<\/title>\n<meta name=\"description\" content=\"Datos de contacto de Marta Carnero. Descubre todos los datos de contacto o rellena el formulario habilitado.\" \/>\n<meta name=\"robots\" content=\"index, follow, max-snippet:-1, max-image-preview:large, max-video-preview:-1\" \/>\n<link rel=\"canonical\" href=\"https:\/\/martacarnero.es\/en\/contacto\/\" \/>\n<meta property=\"og:locale\" content=\"en_GB\" \/>\n<meta property=\"og:type\" content=\"article\" \/>\n<meta property=\"og:title\" content=\"Contacto - Marta Carnero\" \/>\n<meta property=\"og:description\" content=\"Datos de contacto de Marta Carnero. Descubre todos los datos de contacto o rellena el formulario habilitado.\" \/>\n<meta property=\"og:url\" content=\"https:\/\/martacarnero.es\/en\/contacto\/\" \/>\n<meta property=\"og:site_name\" content=\"Marta Carnero\" \/>\n<meta property=\"article:modified_time\" content=\"2023-07-31T12:16:18+00:00\" \/>\n<meta property=\"og:image\" content=\"https:\/\/martacarnero.es\/wp-content\/uploads\/2023\/07\/Logo_MC-150x150.png\" \/>\n<meta name=\"twitter:card\" content=\"summary_large_image\" \/>\n<meta name=\"twitter:label1\" content=\"Estimated reading time\" \/>\n\t<meta name=\"twitter:data1\" content=\"1 minute\" \/>\n<script type=\"application\/ld+json\" class=\"yoast-schema-graph\">{\"@context\":\"https:\\\/\\\/schema.org\",\"@graph\":[{\"@type\":\"WebPage\",\"@id\":\"https:\\\/\\\/martacarnero.es\\\/contacto\\\/\",\"url\":\"https:\\\/\\\/martacarnero.es\\\/contacto\\\/\",\"name\":\"Contacto - Marta Carnero\",\"isPartOf\":{\"@id\":\"https:\\\/\\\/martacarnero.es\\\/#website\"},\"primaryImageOfPage\":{\"@id\":\"https:\\\/\\\/martacarnero.es\\\/contacto\\\/#primaryimage\"},\"image\":{\"@id\":\"https:\\\/\\\/martacarnero.es\\\/contacto\\\/#primaryimage\"},\"thumbnailUrl\":\"https:\\\/\\\/martacarnero.es\\\/wp-content\\\/uploads\\\/2023\\\/07\\\/Logo_MC-150x150.png\",\"datePublished\":\"2023-06-22T09:43:46+00:00\",\"dateModified\":\"2023-07-31T12:16:18+00:00\",\"description\":\"Datos de contacto de Marta Carnero. Descubre todos los datos de contacto o rellena el formulario habilitado.\",\"breadcrumb\":{\"@id\":\"https:\\\/\\\/martacarnero.es\\\/contacto\\\/#breadcrumb\"},\"inLanguage\":\"en-GB\",\"potentialAction\":[{\"@type\":\"ReadAction\",\"target\":[\"https:\\\/\\\/martacarnero.es\\\/contacto\\\/\"]}]},{\"@type\":\"ImageObject\",\"inLanguage\":\"en-GB\",\"@id\":\"https:\\\/\\\/martacarnero.es\\\/contacto\\\/#primaryimage\",\"url\":\"https:\\\/\\\/martacarnero.es\\\/wp-content\\\/uploads\\\/2023\\\/07\\\/Logo_MC-150x150.png\",\"contentUrl\":\"https:\\\/\\\/martacarnero.es\\\/wp-content\\\/uploads\\\/2023\\\/07\\\/Logo_MC-150x150.png\"},{\"@type\":\"BreadcrumbList\",\"@id\":\"https:\\\/\\\/martacarnero.es\\\/contacto\\\/#breadcrumb\",\"itemListElement\":[{\"@type\":\"ListItem\",\"position\":1,\"name\":\"Portada\",\"item\":\"https:\\\/\\\/martacarnero.es\\\/\"},{\"@type\":\"ListItem\",\"position\":2,\"name\":\"Contacto\"}]},{\"@type\":\"WebSite\",\"@id\":\"https:\\\/\\\/martacarnero.es\\\/#website\",\"url\":\"https:\\\/\\\/martacarnero.es\\\/\",\"name\":\"Marta Carnero\",\"description\":\"\",\"publisher\":{\"@id\":\"https:\\\/\\\/martacarnero.es\\\/#organization\"},\"potentialAction\":[{\"@type\":\"SearchAction\",\"target\":{\"@type\":\"EntryPoint\",\"urlTemplate\":\"https:\\\/\\\/martacarnero.es\\\/?s={search_term_string}\"},\"query-input\":{\"@type\":\"PropertyValueSpecification\",\"valueRequired\":true,\"valueName\":\"search_term_string\"}}],\"inLanguage\":\"en-GB\"},{\"@type\":\"Organization\",\"@id\":\"https:\\\/\\\/martacarnero.es\\\/#organization\",\"name\":\"Marta Carnero\",\"url\":\"https:\\\/\\\/martacarnero.es\\\/\",\"logo\":{\"@type\":\"ImageObject\",\"inLanguage\":\"en-GB\",\"@id\":\"https:\\\/\\\/martacarnero.es\\\/#\\\/schema\\\/logo\\\/image\\\/\",\"url\":\"https:\\\/\\\/martacarnero.es\\\/wp-content\\\/uploads\\\/2023\\\/07\\\/cropped-Logo_MC-1.png\",\"contentUrl\":\"https:\\\/\\\/martacarnero.es\\\/wp-content\\\/uploads\\\/2023\\\/07\\\/cropped-Logo_MC-1.png\",\"width\":500,\"height\":500,\"caption\":\"Marta Carnero\"},\"image\":{\"@id\":\"https:\\\/\\\/martacarnero.es\\\/#\\\/schema\\\/logo\\\/image\\\/\"}}]}<\/script>\n<!-- \/ Yoast SEO plugin. -->","yoast_head_json":{"title":"Contacto - Marta Carnero","description":"Datos de contacto de Marta Carnero. Descubre todos los datos de contacto o rellena el formulario habilitado.","robots":{"index":"index","follow":"follow","max-snippet":"max-snippet:-1","max-image-preview":"max-image-preview:large","max-video-preview":"max-video-preview:-1"},"canonical":"https:\/\/martacarnero.es\/en\/contacto\/","og_locale":"en_GB","og_type":"article","og_title":"Contacto - Marta Carnero","og_description":"Datos de contacto de Marta Carnero. Descubre todos los datos de contacto o rellena el formulario habilitado.","og_url":"https:\/\/martacarnero.es\/en\/contacto\/","og_site_name":"Marta Carnero","article_modified_time":"2023-07-31T12:16:18+00:00","og_image":[{"url":"https:\/\/martacarnero.es\/wp-content\/uploads\/2023\/07\/Logo_MC-150x150.png","type":"","width":"","height":""}],"twitter_card":"summary_large_image","twitter_misc":{"Estimated reading time":"1 minute"},"schema":{"@context":"https:\/\/schema.org","@graph":[{"@type":"WebPage","@id":"https:\/\/martacarnero.es\/contacto\/","url":"https:\/\/martacarnero.es\/contacto\/","name":"Contacto - Marta Carnero","isPartOf":{"@id":"https:\/\/martacarnero.es\/#website"},"primaryImageOfPage":{"@id":"https:\/\/martacarnero.es\/contacto\/#primaryimage"},"image":{"@id":"https:\/\/martacarnero.es\/contacto\/#primaryimage"},"thumbnailUrl":"https:\/\/martacarnero.es\/wp-content\/uploads\/2023\/07\/Logo_MC-150x150.png","datePublished":"2023-06-22T09:43:46+00:00","dateModified":"2023-07-31T12:16:18+00:00","description":"Datos de contacto de Marta Carnero. Descubre todos los datos de contacto o rellena el formulario habilitado.","breadcrumb":{"@id":"https:\/\/martacarnero.es\/contacto\/#breadcrumb"},"inLanguage":"en-GB","potentialAction":[{"@type":"ReadAction","target":["https:\/\/martacarnero.es\/contacto\/"]}]},{"@type":"ImageObject","inLanguage":"en-GB","@id":"https:\/\/martacarnero.es\/contacto\/#primaryimage","url":"https:\/\/martacarnero.es\/wp-content\/uploads\/2023\/07\/Logo_MC-150x150.png","contentUrl":"https:\/\/martacarnero.es\/wp-content\/uploads\/2023\/07\/Logo_MC-150x150.png"},{"@type":"BreadcrumbList","@id":"https:\/\/martacarnero.es\/contacto\/#breadcrumb","itemListElement":[{"@type":"ListItem","position":1,"name":"Portada","item":"https:\/\/martacarnero.es\/"},{"@type":"ListItem","position":2,"name":"Contacto"}]},{"@type":"WebSite","@id":"https:\/\/martacarnero.es\/#website","url":"https:\/\/martacarnero.es\/","name":"Marta Carnero","description":"","publisher":{"@id":"https:\/\/martacarnero.es\/#organization"},"potentialAction":[{"@type":"SearchAction","target":{"@type":"EntryPoint","urlTemplate":"https:\/\/martacarnero.es\/?s={search_term_string}"},"query-input":{"@type":"PropertyValueSpecification","valueRequired":true,"valueName":"search_term_string"}}],"inLanguage":"en-GB"},{"@type":"Organization","@id":"https:\/\/martacarnero.es\/#organization","name":"Marta Carnero","url":"https:\/\/martacarnero.es\/","logo":{"@type":"ImageObject","inLanguage":"en-GB","@id":"https:\/\/martacarnero.es\/#\/schema\/logo\/image\/","url":"https:\/\/martacarnero.es\/wp-content\/uploads\/2023\/07\/cropped-Logo_MC-1.png","contentUrl":"https:\/\/martacarnero.es\/wp-content\/uploads\/2023\/07\/cropped-Logo_MC-1.png","width":500,"height":500,"caption":"Marta Carnero"},"image":{"@id":"https:\/\/martacarnero.es\/#\/schema\/logo\/image\/"}}]}},"rttpg_featured_image_url":null,"rttpg_author":{"display_name":"Marta Carnero","author_link":"https:\/\/martacarnero.es\/en\/blog\/author\/marta-carnero\/"},"rttpg_comment":0,"rttpg_category":null,"rttpg_excerpt":"Intro BioBlog Info In English Formulario de contactoPor favor, activa JavaScript en tu navegador para completar este formulario.Por favor, activa JavaScript en tu navegador para completar este formulario.Nombre *Correo electr\u00f3nico *Comentario o mensaje Enviar","_links":{"self":[{"href":"https:\/\/martacarnero.es\/en\/wp-json\/wp\/v2\/pages\/264","targetHints":{"allow":["GET"]}}],"collection":[{"href":"https:\/\/martacarnero.es\/en\/wp-json\/wp\/v2\/pages"}],"about":[{"href":"https:\/\/martacarnero.es\/en\/wp-json\/wp\/v2\/types\/page"}],"author":[{"embeddable":true,"href":"https:\/\/martacarnero.es\/en\/wp-json\/wp\/v2\/users\/2"}],"replies":[{"embeddable":true,"href":"https:\/\/martacarnero.es\/en\/wp-json\/wp\/v2\/comments?post=264"}],"version-history":[{"count":59,"href":"https:\/\/martacarnero.es\/en\/wp-json\/wp\/v2\/pages\/264\/revisions"}],"predecessor-version":[{"id":705,"href":"https:\/\/martacarnero.es\/en\/wp-json\/wp\/v2\/pages\/264\/revisions\/705"}],"wp:attachment":[{"href":"https:\/\/martacarnero.es\/en\/wp-json\/wp\/v2\/media?parent=264"}],"curies":[{"name":"wp","href":"https:\/\/api.w.org\/{rel}","templated":true}]}}