{"id":429,"date":"2023-06-23T06:22:11","date_gmt":"2023-06-23T06:22:11","guid":{"rendered":"https:\/\/martacarnero.es\/?page_id=429"},"modified":"2026-01-29T17:04:16","modified_gmt":"2026-01-29T17:04:16","slug":"accesibilidad","status":"publish","type":"page","link":"https:\/\/martacarnero.es\/en\/accesibilidad\/","title":{"rendered":"Accesibilidad"},"content":{"rendered":"<p class=\"has-text-align-left\">Nos hemos comprometido a hacer accesible este sitio web de conformidad con el\u00a0\u00a0<a href=\"https:\/\/www.boe.es\/diario_boe\/txt.php?id=BOE-A-2018-12699\" target=\"_blank\" rel=\"noreferrer noopener\">Real Decreto 1112\/2018, de 7 de septiembre, sobre accesibilidad de los sitios web y aplicaciones para dispositivos m\u00f3viles del sector p\u00fablico<\/a>\u00a0.<\/p>\n\n\n\n<p class=\"has-text-align-left\">La presente declaraci\u00f3n de accesibilidad se aplica a <a href=\"https:\/\/martacarnero.es\/en\/\">martacarnero.es<\/a>, excluyendo los contenidos incrustados provenientes de otros dominios, y es\u00a0parcialmente conforme\u00a0con el\u00a0\u00a0<a href=\"https:\/\/www.boe.es\/buscar\/act.php?id=BOE-A-2018-12699\" target=\"_blank\" rel=\"noreferrer noopener\">RD 1112\/2018<\/a>,\u00a0debido a las excepciones y a la falta de conformidad de diferentes aspectos.<\/p>\n\n\n\n<p class=\"has-text-align-left\">Con el fin de mejorar la experiencia relativa a la accesibilidad se ha instalado una herramienta presente en la parte superior izquierda de la pantalla.<\/p>\n\n\n\n<p><\/p>","protected":false},"excerpt":{"rendered":"<p>Nos hemos comprometido a hacer accesible este sitio web de conformidad con el\u00a0\u00a0Real Decreto 1112\/2018, de 7 de septiembre, sobre accesibilidad de los sitios web y aplicaciones para dispositivos m\u00f3viles del sector p\u00fablico\u00a0. La presente declaraci\u00f3n de accesibilidad se aplica a martacarnero.es, excluyendo los contenidos incrustados provenientes de otros dominios, y es\u00a0parcialmente conforme\u00a0con el\u00a0\u00a0RD 1112\/2018,\u00a0debido a las excepciones y a la falta de conformidad de diferentes aspectos. Con el fin de mejorar la experiencia relativa a la accesibilidad se ha instalado una herramienta presente en la parte superior izquierda de la pantalla.<\/p>","protected":false},"author":2,"featured_media":0,"parent":0,"menu_order":0,"comment_status":"closed","ping_status":"closed","template":"","meta":{"_eb_attr":"","site-sidebar-layout":"default","site-content-layout":"","ast-site-content-layout":"default","site-content-style":"default","site-sidebar-style":"default","ast-global-header-display":"","ast-banner-title-visibility":"","ast-main-header-display":"","ast-hfb-above-header-display":"","ast-hfb-below-header-display":"","ast-hfb-mobile-header-display":"","site-post-title":"","ast-breadcrumbs-content":"","ast-featured-img":"","footer-sml-layout":"","ast-disable-related-posts":"","theme-transparent-header-meta":"","adv-header-id-meta":"","stick-header-meta":"","header-above-stick-meta":"","header-main-stick-meta":"","header-below-stick-meta":"","astra-migrate-meta-layouts":"set","ast-page-background-enabled":"default","ast-page-background-meta":{"desktop":{"background-color":"var(--ast-global-color-4)","background-image":"","background-repeat":"repeat","background-position":"center center","background-size":"auto","background-attachment":"scroll","background-type":"","background-media":"","overlay-type":"","overlay-color":"","overlay-opacity":"","overlay-gradient":""},"tablet":{"background-color":"","background-image":"","background-repeat":"repeat","background-position":"center center","background-size":"auto","background-attachment":"scroll","background-type":"","background-media":"","overlay-type":"","overlay-color":"","overlay-opacity":"","overlay-gradient":""},"mobile":{"background-color":"","background-image":"","background-repeat":"repeat","background-position":"center center","background-size":"auto","background-attachment":"scroll","background-type":"","background-media":"","overlay-type":"","overlay-color":"","overlay-opacity":"","overlay-gradient":""}},"ast-content-background-meta":{"desktop":{"background-color":"var(--ast-global-color-5)","background-image":"","background-repeat":"repeat","background-position":"center center","background-size":"auto","background-attachment":"scroll","background-type":"","background-media":"","overlay-type":"","overlay-color":"","overlay-opacity":"","overlay-gradient":""},"tablet":{"background-color":"var(--ast-global-color-5)","background-image":"","background-repeat":"repeat","background-position":"center center","background-size":"auto","background-attachment":"scroll","background-type":"","background-media":"","overlay-type":"","overlay-color":"","overlay-opacity":"","overlay-gradient":""},"mobile":{"background-color":"var(--ast-global-color-5)","background-image":"","background-repeat":"repeat","background-position":"center center","background-size":"auto","background-attachment":"scroll","background-type":"","background-media":"","overlay-type":"","overlay-color":"","overlay-opacity":"","overlay-gradient":""}},"footnotes":""},"class_list":["post-429","page","type-page","status-publish","hentry"],"yoast_head":"<!-- This site is optimized with the Yoast SEO plugin v27.4 - https:\/\/yoast.com\/product\/yoast-seo-wordpress\/ -->\n<title>Accesibilidad - Marta Carnero<\/title>\n<meta name=\"description\" content=\"La p\u00e1gina web de Marta Carnero se ha comprometido ha establecer unos m\u00ednimos de accesibilidad adem\u00e1s de contar con herramientas en ella.\" \/>\n<meta name=\"robots\" content=\"index, follow, max-snippet:-1, max-image-preview:large, max-video-preview:-1\" \/>\n<link rel=\"canonical\" href=\"https:\/\/martacarnero.es\/en\/accesibilidad\/\" \/>\n<meta property=\"og:locale\" content=\"en_GB\" \/>\n<meta property=\"og:type\" content=\"article\" \/>\n<meta property=\"og:title\" content=\"Accesibilidad - Marta Carnero\" \/>\n<meta property=\"og:description\" content=\"La p\u00e1gina web de Marta Carnero se ha comprometido ha establecer unos m\u00ednimos de accesibilidad adem\u00e1s de contar con herramientas en ella.\" \/>\n<meta property=\"og:url\" content=\"https:\/\/martacarnero.es\/en\/accesibilidad\/\" \/>\n<meta property=\"og:site_name\" content=\"Marta Carnero\" \/>\n<meta property=\"article:modified_time\" content=\"2026-01-29T17:04:16+00:00\" \/>\n<meta name=\"twitter:card\" content=\"summary_large_image\" \/>\n<meta name=\"twitter:label1\" content=\"Estimated reading time\" \/>\n\t<meta name=\"twitter:data1\" content=\"1 minute\" \/>\n<script type=\"application\/ld+json\" class=\"yoast-schema-graph\">{\"@context\":\"https:\\\/\\\/schema.org\",\"@graph\":[{\"@type\":\"WebPage\",\"@id\":\"https:\\\/\\\/martacarnero.es\\\/accesibilidad\\\/\",\"url\":\"https:\\\/\\\/martacarnero.es\\\/accesibilidad\\\/\",\"name\":\"Accesibilidad - Marta Carnero\",\"isPartOf\":{\"@id\":\"https:\\\/\\\/martacarnero.es\\\/#website\"},\"datePublished\":\"2023-06-23T06:22:11+00:00\",\"dateModified\":\"2026-01-29T17:04:16+00:00\",\"description\":\"La p\u00e1gina web de Marta Carnero se ha comprometido ha establecer unos m\u00ednimos de accesibilidad adem\u00e1s de contar con herramientas en ella.\",\"breadcrumb\":{\"@id\":\"https:\\\/\\\/martacarnero.es\\\/accesibilidad\\\/#breadcrumb\"},\"inLanguage\":\"en-GB\",\"potentialAction\":[{\"@type\":\"ReadAction\",\"target\":[\"https:\\\/\\\/martacarnero.es\\\/accesibilidad\\\/\"]}]},{\"@type\":\"BreadcrumbList\",\"@id\":\"https:\\\/\\\/martacarnero.es\\\/accesibilidad\\\/#breadcrumb\",\"itemListElement\":[{\"@type\":\"ListItem\",\"position\":1,\"name\":\"Portada\",\"item\":\"https:\\\/\\\/martacarnero.es\\\/\"},{\"@type\":\"ListItem\",\"position\":2,\"name\":\"Accesibilidad\"}]},{\"@type\":\"WebSite\",\"@id\":\"https:\\\/\\\/martacarnero.es\\\/#website\",\"url\":\"https:\\\/\\\/martacarnero.es\\\/\",\"name\":\"Marta Carnero\",\"description\":\"\",\"publisher\":{\"@id\":\"https:\\\/\\\/martacarnero.es\\\/#organization\"},\"potentialAction\":[{\"@type\":\"SearchAction\",\"target\":{\"@type\":\"EntryPoint\",\"urlTemplate\":\"https:\\\/\\\/martacarnero.es\\\/?s={search_term_string}\"},\"query-input\":{\"@type\":\"PropertyValueSpecification\",\"valueRequired\":true,\"valueName\":\"search_term_string\"}}],\"inLanguage\":\"en-GB\"},{\"@type\":\"Organization\",\"@id\":\"https:\\\/\\\/martacarnero.es\\\/#organization\",\"name\":\"Marta Carnero\",\"url\":\"https:\\\/\\\/martacarnero.es\\\/\",\"logo\":{\"@type\":\"ImageObject\",\"inLanguage\":\"en-GB\",\"@id\":\"https:\\\/\\\/martacarnero.es\\\/#\\\/schema\\\/logo\\\/image\\\/\",\"url\":\"https:\\\/\\\/martacarnero.es\\\/wp-content\\\/uploads\\\/2023\\\/07\\\/cropped-Logo_MC-1.png\",\"contentUrl\":\"https:\\\/\\\/martacarnero.es\\\/wp-content\\\/uploads\\\/2023\\\/07\\\/cropped-Logo_MC-1.png\",\"width\":500,\"height\":500,\"caption\":\"Marta Carnero\"},\"image\":{\"@id\":\"https:\\\/\\\/martacarnero.es\\\/#\\\/schema\\\/logo\\\/image\\\/\"}}]}<\/script>\n<!-- \/ Yoast SEO plugin. -->","yoast_head_json":{"title":"Accesibilidad - Marta Carnero","description":"La p\u00e1gina web de Marta Carnero se ha comprometido ha establecer unos m\u00ednimos de accesibilidad adem\u00e1s de contar con herramientas en ella.","robots":{"index":"index","follow":"follow","max-snippet":"max-snippet:-1","max-image-preview":"max-image-preview:large","max-video-preview":"max-video-preview:-1"},"canonical":"https:\/\/martacarnero.es\/en\/accesibilidad\/","og_locale":"en_GB","og_type":"article","og_title":"Accesibilidad - Marta Carnero","og_description":"La p\u00e1gina web de Marta Carnero se ha comprometido ha establecer unos m\u00ednimos de accesibilidad adem\u00e1s de contar con herramientas en ella.","og_url":"https:\/\/martacarnero.es\/en\/accesibilidad\/","og_site_name":"Marta Carnero","article_modified_time":"2026-01-29T17:04:16+00:00","twitter_card":"summary_large_image","twitter_misc":{"Estimated reading time":"1 minute"},"schema":{"@context":"https:\/\/schema.org","@graph":[{"@type":"WebPage","@id":"https:\/\/martacarnero.es\/accesibilidad\/","url":"https:\/\/martacarnero.es\/accesibilidad\/","name":"Accesibilidad - Marta Carnero","isPartOf":{"@id":"https:\/\/martacarnero.es\/#website"},"datePublished":"2023-06-23T06:22:11+00:00","dateModified":"2026-01-29T17:04:16+00:00","description":"La p\u00e1gina web de Marta Carnero se ha comprometido ha establecer unos m\u00ednimos de accesibilidad adem\u00e1s de contar con herramientas en ella.","breadcrumb":{"@id":"https:\/\/martacarnero.es\/accesibilidad\/#breadcrumb"},"inLanguage":"en-GB","potentialAction":[{"@type":"ReadAction","target":["https:\/\/martacarnero.es\/accesibilidad\/"]}]},{"@type":"BreadcrumbList","@id":"https:\/\/martacarnero.es\/accesibilidad\/#breadcrumb","itemListElement":[{"@type":"ListItem","position":1,"name":"Portada","item":"https:\/\/martacarnero.es\/"},{"@type":"ListItem","position":2,"name":"Accesibilidad"}]},{"@type":"WebSite","@id":"https:\/\/martacarnero.es\/#website","url":"https:\/\/martacarnero.es\/","name":"Marta Carnero","description":"","publisher":{"@id":"https:\/\/martacarnero.es\/#organization"},"potentialAction":[{"@type":"SearchAction","target":{"@type":"EntryPoint","urlTemplate":"https:\/\/martacarnero.es\/?s={search_term_string}"},"query-input":{"@type":"PropertyValueSpecification","valueRequired":true,"valueName":"search_term_string"}}],"inLanguage":"en-GB"},{"@type":"Organization","@id":"https:\/\/martacarnero.es\/#organization","name":"Marta Carnero","url":"https:\/\/martacarnero.es\/","logo":{"@type":"ImageObject","inLanguage":"en-GB","@id":"https:\/\/martacarnero.es\/#\/schema\/logo\/image\/","url":"https:\/\/martacarnero.es\/wp-content\/uploads\/2023\/07\/cropped-Logo_MC-1.png","contentUrl":"https:\/\/martacarnero.es\/wp-content\/uploads\/2023\/07\/cropped-Logo_MC-1.png","width":500,"height":500,"caption":"Marta Carnero"},"image":{"@id":"https:\/\/martacarnero.es\/#\/schema\/logo\/image\/"}}]}},"rttpg_featured_image_url":null,"rttpg_author":{"display_name":"Marta Carnero","author_link":"https:\/\/martacarnero.es\/en\/blog\/author\/marta-carnero\/"},"rttpg_comment":0,"rttpg_category":null,"rttpg_excerpt":"Nos hemos comprometido a hacer accesible este sitio web de conformidad con el\u00a0\u00a0Real Decreto 1112\/2018, de 7 de septiembre, sobre accesibilidad de los sitios web y aplicaciones para dispositivos m\u00f3viles del sector p\u00fablico\u00a0. La presente declaraci\u00f3n de accesibilidad se aplica a martacarnero.es, excluyendo los contenidos incrustados provenientes de otros dominios, y es\u00a0parcialmente conforme\u00a0con el\u00a0\u00a0RD 1112\/2018,\u00a0debido&hellip;","_links":{"self":[{"href":"https:\/\/martacarnero.es\/en\/wp-json\/wp\/v2\/pages\/429","targetHints":{"allow":["GET"]}}],"collection":[{"href":"https:\/\/martacarnero.es\/en\/wp-json\/wp\/v2\/pages"}],"about":[{"href":"https:\/\/martacarnero.es\/en\/wp-json\/wp\/v2\/types\/page"}],"author":[{"embeddable":true,"href":"https:\/\/martacarnero.es\/en\/wp-json\/wp\/v2\/users\/2"}],"replies":[{"embeddable":true,"href":"https:\/\/martacarnero.es\/en\/wp-json\/wp\/v2\/comments?post=429"}],"version-history":[{"count":4,"href":"https:\/\/martacarnero.es\/en\/wp-json\/wp\/v2\/pages\/429\/revisions"}],"predecessor-version":[{"id":1293,"href":"https:\/\/martacarnero.es\/en\/wp-json\/wp\/v2\/pages\/429\/revisions\/1293"}],"wp:attachment":[{"href":"https:\/\/martacarnero.es\/en\/wp-json\/wp\/v2\/media?parent=429"}],"curies":[{"name":"wp","href":"https:\/\/api.w.org\/{rel}","templated":true}]}}